{"id":340,"date":"2025-01-13T17:55:11","date_gmt":"2025-01-13T17:55:11","guid":{"rendered":"https:\/\/howmobs.com\/?page_id=340"},"modified":"2025-01-13T21:49:26","modified_gmt":"2025-01-13T21:49:26","slug":"dieu-khoan-su-dung","status":"publish","type":"page","link":"https:\/\/howmobs.com\/vi\/dieu-khoan-su-dung\/","title":{"rendered":"\u0110i\u1ec1u kho\u1ea3n s\u1eed d\u1ee5ng"},"content":{"rendered":"<p>B\u1eb1ng c\u00e1ch truy c\u1eadp trang web GadgetApps, b\u1ea1n ch\u1ea5p nh\u1eadn c\u00e1c \u0111i\u1ec1u kho\u1ea3n s\u1eed d\u1ee5ng n\u00e0y, c\u0169ng nh\u01b0 t\u1ea5t c\u1ea3 lu\u1eadt v\u00e0 quy \u0111\u1ecbnh c\u00f3 li\u00ean quan v\u00e0 th\u1eeba nh\u1eadn r\u1eb1ng b\u1ea1n c\u00f3 tr\u00e1ch nhi\u1ec7m tu\u00e2n th\u1ee7 lu\u1eadt ph\u00e1p \u0111\u1ecba ph\u01b0\u01a1ng hi\u1ec7n h\u00e0nh. N\u1ebfu b\u1ea1n kh\u00f4ng \u0111\u1ed3ng \u00fd v\u1edbi c\u00e1c \u0111i\u1ec1u kho\u1ea3n n\u00e0y, b\u1ea1n b\u1ecb c\u1ea5m truy c\u1eadp ho\u1eb7c s\u1eed d\u1ee5ng trang web. N\u1ed9i dung c\u1ee7a trang web n\u00e0y \u0111\u01b0\u1ee3c b\u1ea3o v\u1ec7 b\u1edfi lu\u1eadt s\u1edf h\u1eefu tr\u00ed tu\u1ec7 v\u00e0 lu\u1eadt nh\u00e3n hi\u1ec7u hi\u1ec7n h\u00e0nh.<\/p>\n\n\n\n<p><strong>C\u1ea5p gi\u1ea5y ph\u00e9p<\/strong><br>GadgetApps c\u1ea5p cho b\u1ea1n quy\u1ec1n t\u1ea1m th\u1eddi t\u1ea3i xu\u1ed1ng m\u1ed9t b\u1ea3n sao t\u00e0i li\u1ec7u c\u00f3 s\u1eb5n tr\u00ean trang web (th\u00f4ng tin ho\u1eb7c ph\u1ea7n m\u1ec1m) ch\u1ec9 \u0111\u1ec3 xem v\u1edbi m\u1ee5c \u0111\u00edch c\u00e1 nh\u00e2n, phi th\u01b0\u01a1ng m\u1ea1i. S\u1ef1 nh\u01b0\u1ee3ng b\u1ed9 n\u00e0y l\u00e0 quy\u1ec1n s\u1eed d\u1ee5ng, kh\u00f4ng ph\u1ea3i quy\u1ec1n s\u1edf h\u1eefu. B\u1ea1n kh\u00f4ng \u0111\u01b0\u1ee3c: Thay \u0111\u1ed5i ho\u1eb7c sao ch\u00e9p t\u00e0i li\u1ec7u;<\/p>\n\n\n\n<p>S\u1eed d\u1ee5ng t\u00e0i li\u1ec7u cho m\u1ee5c \u0111\u00edch th\u01b0\u01a1ng m\u1ea1i ho\u1eb7c \u0111\u1ec3 tr\u01b0ng b\u00e0y c\u00f4ng khai (th\u01b0\u01a1ng m\u1ea1i ho\u1eb7c m\u1ee5c \u0111\u00edch kh\u00e1c);<\/p>\n\n\n\n<p>C\u1ed1 g\u1eafng th\u1ef1c hi\u1ec7n k\u1ef9 thu\u1eadt \u0111\u1ea3o ng\u01b0\u1ee3c ho\u1eb7c d\u1ecbch ng\u01b0\u1ee3c b\u1ea5t k\u1ef3 ph\u1ea7n m\u1ec1m n\u00e0o \u0111\u01b0\u1ee3c t\u00ecm th\u1ea5y tr\u00ean trang web GadgetApps;<\/p>\n\n\n\n<p>X\u00f3a b\u1ea5t k\u1ef3 th\u00f4ng b\u00e1o b\u1ea3n quy\u1ec1n ho\u1eb7c th\u00f4ng b\u00e1o \u0111\u1ed9c quy\u1ec1n n\u00e0o kh\u1ecfi t\u00e0i li\u1ec7u;<\/p>\n\n\n\n<p>Chuy\u1ec3n ti\u1ebfp t\u00e0i li\u1ec7u cho ng\u01b0\u1eddi kh\u00e1c ho\u1eb7c sao ch\u00e9p t\u00e0i li\u1ec7u tr\u00ean m\u00e1y ch\u1ee7 kh\u00e1c.<\/p>\n\n\n\n<p>Gi\u1ea5y ph\u00e9p n\u00e0y s\u1ebd t\u1ef1 \u0111\u1ed9ng ch\u1ea5m d\u1ee9t n\u1ebfu b\u1ea1n vi ph\u1ea1m b\u1ea5t k\u1ef3 h\u1ea1n ch\u1ebf n\u00e0o trong s\u1ed1 n\u00e0y v\u00e0 c\u00f3 th\u1ec3 b\u1ecb GadgetApps ch\u1ea5m d\u1ee9t b\u1ea5t k\u1ef3 l\u00fac n\u00e0o. Khi ch\u1ea5m d\u1ee9t vi\u1ec7c xem t\u00e0i li\u1ec7u ho\u1eb7c khi ch\u1ea5m d\u1ee9t gi\u1ea5y ph\u00e9p n\u00e0y, b\u1ea1n ph\u1ea3i x\u00f3a t\u1ea5t c\u1ea3 t\u00e0i li\u1ec7u \u0111\u00e3 t\u1ea3i xu\u1ed1ng, d\u00f9 \u1edf d\u1ea1ng \u0111i\u1ec7n t\u1eed hay d\u1ea1ng in.<\/p>\n\n\n\n<p><strong>Tuy\u00ean b\u1ed1 mi\u1ec5n tr\u1eeb tr\u00e1ch nhi\u1ec7m<\/strong><br>C\u00e1c t\u00e0i li\u1ec7u tr\u00ean trang web GadgetApps \u0111\u01b0\u1ee3c cung c\u1ea5p theo d\u1ea1ng \u201cnguy\u00ean tr\u1ea1ng\u201d. GadgetApps kh\u00f4ng \u0111\u01b0a ra b\u1ea5t k\u1ef3 b\u1ea3o \u0111\u1ea3m n\u00e0o, d\u00f9 r\u00f5 r\u00e0ng hay ng\u1ee5 \u00fd, v\u00e0 ph\u1ee7 nh\u1eadn m\u1ecdi b\u1ea3o \u0111\u1ea3m kh\u00e1c, bao g\u1ed3m nh\u01b0ng kh\u00f4ng gi\u1edbi h\u1ea1n \u1edf b\u1ea3o \u0111\u1ea3m ng\u1ee5 \u00fd v\u1ec1 kh\u1ea3 n\u0103ng b\u00e1n \u0111\u01b0\u1ee3c, t\u00ednh ph\u00f9 h\u1ee3p cho m\u1ee5c \u0111\u00edch c\u1ee5 th\u1ec3 ho\u1eb7c kh\u00f4ng vi ph\u1ea1m quy\u1ec1n s\u1edf h\u1eefu tr\u00ed tu\u1ec7.<\/p>\n\n\n\n<p><strong>Gi\u1edbi h\u1ea1n tr\u00e1ch nhi\u1ec7m<\/strong><br>Trong m\u1ecdi tr\u01b0\u1eddng h\u1ee3p, GadgetApps ho\u1eb7c c\u00e1c nh\u00e0 cung c\u1ea5p c\u1ee7a GadgetApps s\u1ebd kh\u00f4ng ch\u1ecbu tr\u00e1ch nhi\u1ec7m v\u1ec1 b\u1ea5t k\u1ef3 thi\u1ec7t h\u1ea1i n\u00e0o ph\u00e1t sinh do vi\u1ec7c s\u1eed d\u1ee5ng ho\u1eb7c kh\u00f4ng s\u1eed d\u1ee5ng t\u00e0i li\u1ec7u tr\u00ean GadgetApps, ngay c\u1ea3 khi \u0111\u00e3 \u0111\u01b0\u1ee3c th\u00f4ng b\u00e1o v\u1ec1 kh\u1ea3 n\u0103ng x\u1ea3y ra thi\u1ec7t h\u1ea1i \u0111\u00f3. N\u1ebfu lu\u1eadt ph\u00e1p \u0111\u1ecba ph\u01b0\u01a1ng kh\u00f4ng cho ph\u00e9p lo\u1ea1i tr\u1eeb m\u1ed9t s\u1ed1 b\u1ea3o h\u00e0nh nh\u1ea5t \u0111\u1ecbnh ho\u1eb7c gi\u1edbi h\u1ea1n tr\u00e1ch nhi\u1ec7m \u0111\u1ed1i v\u1edbi c\u00e1c thi\u1ec7t h\u1ea1i do h\u1eadu qu\u1ea3, th\u00ec nh\u1eefng lo\u1ea1i tr\u1eeb v\u00e0 gi\u1edbi h\u1ea1n n\u00e0y c\u00f3 th\u1ec3 kh\u00f4ng \u00e1p d\u1ee5ng cho b\u1ea1n.<\/p>\n\n\n\n<p><strong>\u0110\u1ed9 ch\u00ednh x\u00e1c c\u1ee7a v\u1eadt li\u1ec7u<\/strong><br>C\u00e1c t\u00e0i li\u1ec7u hi\u1ec3n th\u1ecb tr\u00ean trang web GadgetApps c\u00f3 th\u1ec3 ch\u1ee9a l\u1ed7i k\u1ef9 thu\u1eadt, l\u1ed7i \u0111\u00e1nh m\u00e1y ho\u1eb7c l\u1ed7i \u1ea3nh. GadgetApps kh\u00f4ng b\u1ea3o \u0111\u1ea3m t\u00ednh ch\u00ednh x\u00e1c, \u0111\u1ea7y \u0111\u1ee7 ho\u1eb7c k\u1ecbp th\u1eddi c\u1ee7a c\u00e1c t\u00e0i li\u1ec7u tr\u00ean trang web c\u1ee7a m\u00ecnh v\u00e0 c\u00f3 th\u1ec3 thay \u0111\u1ed5i ch\u00fang b\u1ea5t k\u1ef3 l\u00fac n\u00e0o m\u00e0 kh\u00f4ng c\u1ea7n th\u00f4ng b\u00e1o, nh\u01b0ng kh\u00f4ng cam k\u1ebft c\u1eadp nh\u1eadt c\u00e1c t\u00e0i li\u1ec7u.<\/p>\n\n\n\n<p><strong>Li\u00ean k\u1ebft<\/strong><br>GadgetApps ch\u01b0a xem x\u00e9t t\u1ea5t c\u1ea3 c\u00e1c trang web \u0111\u01b0\u1ee3c li\u00ean k\u1ebft \u0111\u1ebfn trang web c\u1ee7a m\u00ecnh v\u00e0 kh\u00f4ng ch\u1ecbu tr\u00e1ch nhi\u1ec7m v\u1ec1 n\u1ed9i dung c\u1ee7a b\u1ea5t k\u1ef3 trang web b\u00ean ngo\u00e0i n\u00e0o. Vi\u1ec7c \u0111\u01b0a v\u00e0o b\u1ea5t k\u1ef3 li\u00ean k\u1ebft n\u00e0o kh\u00f4ng c\u00f3 ngh\u0129a l\u00e0 GadgetApps x\u00e1c nh\u1eadn trang web \u0111\u00f3. Vi\u1ec7c s\u1eed d\u1ee5ng c\u00e1c trang web li\u00ean k\u1ebft l\u00e0 do ng\u01b0\u1eddi d\u00f9ng t\u1ef1 ch\u1ecbu r\u1ee7i ro.<\/p>\n\n\n\n<p><strong>S\u1eeda \u0111\u1ed5i c\u00e1c \u0111i\u1ec1u kho\u1ea3n<\/strong><br>GadgetApps c\u00f3 th\u1ec3 s\u1eeda \u0111\u1ed5i c\u00e1c \u0111i\u1ec1u kho\u1ea3n s\u1eed d\u1ee5ng n\u00e0y b\u1ea5t k\u1ef3 l\u00fac n\u00e0o m\u00e0 kh\u00f4ng c\u1ea7n th\u00f4ng b\u00e1o tr\u01b0\u1edbc. Khi s\u1eed d\u1ee5ng trang web n\u00e0y, b\u1ea1n \u0111\u1ed3ng \u00fd ch\u1ecbu r\u00e0ng bu\u1ed9c b\u1edfi phi\u00ean b\u1ea3n m\u1edbi nh\u1ea5t c\u1ee7a c\u00e1c \u0111i\u1ec1u kho\u1ea3n s\u1eed d\u1ee5ng n\u00e0y.<\/p>\n\n\n\n<p><strong>Lu\u1eadt \u00e1p d\u1ee5ng<\/strong><br>C\u00e1c \u0111i\u1ec1u kho\u1ea3n v\u00e0 \u0111i\u1ec1u ki\u1ec7n n\u00e0y \u0111\u01b0\u1ee3c \u0111i\u1ec1u ch\u1ec9nh b\u1edfi lu\u1eadt ph\u00e1p c\u1ee7a GadgetApps v\u00e0 b\u1ea1n \u0111\u1ed3ng \u00fd kh\u00f4ng th\u1ec3 h\u1ee7y ngang v\u1edbi quy\u1ec1n t\u00e0i ph\u00e1n \u0111\u1ed9c quy\u1ec1n c\u1ee7a t\u00f2a \u00e1n t\u1ea1i \u0111\u1ecba \u0111i\u1ec3m \u0111\u00f3.<\/p>\n\n\n\n<p><\/p>","protected":false},"excerpt":{"rendered":"<p>Ao entrar no site GadgetApps, voc\u00ea aceita estes termos de uso, bem como todas as leis e regulamenta\u00e7\u00f5es relevantes, e reconhece que tem a responsabilidade de observar as leis locais aplic\u00e1veis. Caso n\u00e3o concorde com estes termos, voc\u00ea est\u00e1 proibido de acessar ou utilizar o site. Os conte\u00fados presentes neste website est\u00e3o protegidos pelas leis [&hellip;]<\/p>","protected":false},"author":1,"featured_media":0,"parent":0,"menu_order":0,"comment_status":"closed","ping_status":"closed","template":"","meta":{"footnotes":""},"class_list":["post-340","page","type-page","status-publish"],"_links":{"self":[{"href":"https:\/\/howmobs.com\/vi\/wp-json\/wp\/v2\/pages\/340","targetHints":{"allow":["GET"]}}],"collection":[{"href":"https:\/\/howmobs.com\/vi\/wp-json\/wp\/v2\/pages"}],"about":[{"href":"https:\/\/howmobs.com\/vi\/wp-json\/wp\/v2\/types\/page"}],"author":[{"embeddable":true,"href":"https:\/\/howmobs.com\/vi\/wp-json\/wp\/v2\/users\/1"}],"replies":[{"embeddable":true,"href":"https:\/\/howmobs.com\/vi\/wp-json\/wp\/v2\/comments?post=340"}],"version-history":[{"count":2,"href":"https:\/\/howmobs.com\/vi\/wp-json\/wp\/v2\/pages\/340\/revisions"}],"predecessor-version":[{"id":522,"href":"https:\/\/howmobs.com\/vi\/wp-json\/wp\/v2\/pages\/340\/revisions\/522"}],"wp:attachment":[{"href":"https:\/\/howmobs.com\/vi\/wp-json\/wp\/v2\/media?parent=340"}],"curies":[{"name":"trang web","href":"https:\/\/api.w.org\/{rel}","templated":true}]}}