{"id":342,"date":"2025-01-13T17:55:20","date_gmt":"2025-01-13T17:55:20","guid":{"rendered":"https:\/\/howmobs.com\/?page_id=342"},"modified":"2025-01-13T21:58:10","modified_gmt":"2025-01-13T21:58:10","slug":"stik","status":"publish","type":"page","link":"https:\/\/howmobs.com\/sl\/stik\/","title":{"rendered":"Kontakt"},"content":{"rendered":"<p>noter <strong>GadgetsApps<\/strong>, verjamemo, da je dialog z na\u0161imi uporabniki bistvenega pomena za nenehno izbolj\u0161evanje na\u0161ih storitev. Ta kanal je bil razvit za hitro in u\u010dinkovito prejemanje va\u0161ih predlogov, kritik, vpra\u0161anj ali komentarjev.<\/p>\n\n\n\n<p>Na voljo smo vam:<\/p>\n\n\n\n<ul class=\"wp-block-list\">\n<li>Prejemanje va\u0161ih predlogov za izbolj\u0161ave;<\/li>\n\n\n\n<li>Poslu\u0161ajte svojo konstruktivno kritiko;<\/li>\n\n\n\n<li>Razjasnitev dvomov o na\u0161ih storitvah;<\/li>\n\n\n\n<li>Izvedite ve\u010d o svojih izku\u0161njah z nami.<\/li>\n<\/ul>\n\n\n\n<p>\ud83d\udce9 <strong>E-po\u0161ta:<\/strong> <a>contato@gadgetsapps.com<\/a><\/p>\n\n\n\n<p>Va\u0161e povratne informacije obravnavamo resno in nam pomagajo pri razvoju. Zahvaljujemo se vam za zaupanje in va\u0161 prispevek k <strong>GadgetsApps<\/strong> \u0161e naprej ponuja odli\u010dne re\u0161itve.<\/p>","protected":false},"excerpt":{"rendered":"<p>Na GadgetsApps, acreditamos que o di\u00e1logo com nossos usu\u00e1rios \u00e9 essencial para o aprimoramento cont\u00ednuo de nossos servi\u00e7os. Este canal foi desenvolvido para receber suas sugest\u00f5es, cr\u00edticas, d\u00favidas ou coment\u00e1rios de maneira \u00e1gil e eficiente. Estamos \u00e0 disposi\u00e7\u00e3o para: \ud83d\udce9 E-mail: contato@gadgetsapps.com Seu feedback \u00e9 tratado com seriedade e nos ajuda a evoluir. Agradecemos pela [&hellip;]<\/p>","protected":false},"author":1,"featured_media":0,"parent":0,"menu_order":0,"comment_status":"closed","ping_status":"closed","template":"","meta":{"footnotes":""},"class_list":["post-342","page","type-page","status-publish"],"_links":{"self":[{"href":"https:\/\/howmobs.com\/sl\/wp-json\/wp\/v2\/pages\/342","targetHints":{"allow":["GET"]}}],"collection":[{"href":"https:\/\/howmobs.com\/sl\/wp-json\/wp\/v2\/pages"}],"about":[{"href":"https:\/\/howmobs.com\/sl\/wp-json\/wp\/v2\/types\/page"}],"author":[{"embeddable":true,"href":"https:\/\/howmobs.com\/sl\/wp-json\/wp\/v2\/users\/1"}],"replies":[{"embeddable":true,"href":"https:\/\/howmobs.com\/sl\/wp-json\/wp\/v2\/comments?post=342"}],"version-history":[{"count":3,"href":"https:\/\/howmobs.com\/sl\/wp-json\/wp\/v2\/pages\/342\/revisions"}],"predecessor-version":[{"id":525,"href":"https:\/\/howmobs.com\/sl\/wp-json\/wp\/v2\/pages\/342\/revisions\/525"}],"wp:attachment":[{"href":"https:\/\/howmobs.com\/sl\/wp-json\/wp\/v2\/media?parent=342"}],"curies":[{"name":"delovni list","href":"https:\/\/api.w.org\/{rel}","templated":true}]}}