{"id":340,"date":"2025-01-13T17:55:11","date_gmt":"2025-01-13T17:55:11","guid":{"rendered":"https:\/\/howmobs.com\/?page_id=340"},"modified":"2025-01-13T21:49:26","modified_gmt":"2025-01-13T21:49:26","slug":"naudojimo-salygos","status":"publish","type":"page","link":"https:\/\/howmobs.com\/lt\/naudojimo-salygos\/","title":{"rendered":"Naudojimo s\u0105lygos"},"content":{"rendered":"<p>Naudodamiesi \u201eGadgetApps\u201c svetaine, j\u016bs sutinkate su \u0161iomis naudojimo s\u0105lygomis, taip pat su visais atitinkamais \u012fstatymais ir kitais teis\u0117s aktais ir patvirtinate savo atsakomyb\u0119 laikytis taikom\u0173 vietos \u012fstatym\u0173. Jei nesutinkate su \u0161iomis s\u0105lygomis, jums draud\u017eiama pasiekti svetain\u0119 ar ja naudotis. \u0160ios svetain\u0117s turinys yra saugomas galiojan\u010di\u0173 intelektin\u0117s nuosavyb\u0117s ir preki\u0173 \u017eenkl\u0173 \u012fstatym\u0173.<\/p>\n\n\n\n<p><strong>Licencijos suteikimas<\/strong><br>\u201eGadgetApps\u201c suteikia jums teis\u0119 laikinai atsisi\u0173sti svetain\u0117je esan\u010dios med\u017eiagos (informacijos ar programin\u0117s \u012frangos) kopij\u0105 tik asmeniniam, nekomerciniam per\u017ei\u016brai. \u0160i teis\u0117 suteikiama kaip naudojimo teis\u0117, o ne nuosavyb\u0117s teis\u0117. J\u016bs neturite teis\u0117s: Keisti ar kopijuoti med\u017eiagos;<\/p>\n\n\n\n<p>Naudoti med\u017eiag\u0105 komerciniais tikslais arba vie\u0161am demonstravimui (komerciniam ar kitokiam);<\/p>\n\n\n\n<p>Bandyti atlikti atvirk\u0161tin\u0119 in\u017einerij\u0105 arba dekompiliuoti bet koki\u0105 \u201eGadgetApps\u201c svetain\u0117je rast\u0105 programin\u0119 \u012frang\u0105;<\/p>\n\n\n\n<p>I\u0161 med\u017eiagos i\u0161trinti visus autori\u0173 teisi\u0173 ar kitus nuosavyb\u0117s prane\u0161imus;<\/p>\n\n\n\n<p>Persi\u0173skite med\u017eiag\u0105 kitam asmeniui arba nukopijuokite j\u0105 kitame serveryje.<\/p>\n\n\n\n<p>\u0160i licencija bus automati\u0161kai nutraukta, jei pa\u017eeisite bet kur\u012f i\u0161 \u0161i\u0173 apribojim\u0173, ir \u201eGadgetApps\u201c gali j\u0105 bet kada nutraukti. Nustojus per\u017ei\u016br\u0117ti med\u017eiag\u0105 arba nutraukus \u0161i\u0105 licencij\u0105, privalote i\u0161trinti vis\u0105 atsisi\u0173st\u0105 med\u017eiag\u0105, tiek elektronin\u0119, tiek spausdintin\u0119.<\/p>\n\n\n\n<p><strong>Atsakomyb\u0117s apribojimas<\/strong><br>\u201eGadgetApps\u201c svetain\u0117je esanti med\u017eiaga pateikiama tokia, kokia yra. \u201eGadgetApps\u201c nesuteikia joki\u0173 ai\u0161ki\u0173 ar numanom\u0173 garantij\u0173 ir atsisako vis\u0173 kit\u0173 garantij\u0173, \u012fskaitant, bet neapsiribojant, numanomas garantijas d\u0117l perkamumo, tinkamumo konkre\u010diam tikslui ar intelektin\u0117s nuosavyb\u0117s teisi\u0173 nepa\u017eeidimo.<\/p>\n\n\n\n<p><strong>Atsakomyb\u0117s apribojimai<\/strong><br>Jokiomis aplinkyb\u0117mis \u201eGadgetApps\u201c ar jos tiek\u0117jai nebus atsakingi u\u017e joki\u0105 \u017eal\u0105, atsiradusi\u0105 d\u0117l \u201eGadgetApps\u201c med\u017eiagos naudojimo ar negal\u0117jimo jos naudoti, net jei buvo \u012fsp\u0117ti apie tokios \u017ealos galimyb\u0119. Jei vietos \u012fstatymai neleid\u017eia atmesti tam tikr\u0173 garantij\u0173 arba apriboti atsakomyb\u0117s u\u017e pasekmin\u0119 \u017eal\u0105, \u0161ios i\u0161imtys ir apribojimai jums gali b\u016bti netaikomi.<\/p>\n\n\n\n<p><strong>Med\u017eiag\u0173 tikslumas<\/strong><br>\u201eGadgetApps\u201c svetain\u0117je rodomoje med\u017eiagoje gali b\u016bti technini\u0173, spausdinimo ar fotografijos klaid\u0173. \u201eGadgetApps\u201c negarantuoja savo svetain\u0117je pateiktos med\u017eiagos tikslumo, i\u0161samumo ar savalaiki\u0161kumo ir gali j\u0105 bet kada keisti be i\u0161ankstinio \u012fsp\u0117jimo, ta\u010diau ne\u012fsipareigoja atnaujinti med\u017eiagos.<\/p>\n\n\n\n<p><strong>Nuorodos<\/strong><br>\u201eGadgetApps\u201c neper\u017ei\u016br\u0117jo vis\u0173 svetaini\u0173, susiet\u0173 su jos svetaine, ir neatsako u\u017e joki\u0173 i\u0161orini\u0173 svetaini\u0173 turin\u012f. Bet kokios nuorodos \u012ftraukimas nerei\u0161kia, kad \u201eGadgetApps\u201c pritaria svetainei. Susiet\u0173 svetaini\u0173 naudojimas yra naudotojo pa\u010di\u0173 rizika.<\/p>\n\n\n\n<p><strong>S\u0105lyg\u0173 pakeitimai<\/strong><br>\u201eGadgetApps\u201c gali bet kada be i\u0161ankstinio \u012fsp\u0117jimo keisti \u0161ias naudojimo s\u0105lygas. Naudodamiesi \u0161ia svetaine, j\u016bs sutinkate laikytis naujausios \u0161i\u0173 naudojimo s\u0105lyg\u0173 versijos.<\/p>\n\n\n\n<p><strong>Taikoma teis\u0117<\/strong><br>\u0160ioms s\u0105lygoms taikoma \u201eGadgetApps\u201c teis\u0117, ir j\u016bs neat\u0161aukiamai sutinkate su i\u0161imtine tos vietos teism\u0173 jurisdikcija.<\/p>\n\n\n\n<p><\/p>","protected":false},"excerpt":{"rendered":"<p>Ao entrar no site GadgetApps, voc\u00ea aceita estes termos de uso, bem como todas as leis e regulamenta\u00e7\u00f5es relevantes, e reconhece que tem a responsabilidade de observar as leis locais aplic\u00e1veis. Caso n\u00e3o concorde com estes termos, voc\u00ea est\u00e1 proibido de acessar ou utilizar o site. Os conte\u00fados presentes neste website est\u00e3o protegidos pelas leis [&hellip;]<\/p>","protected":false},"author":1,"featured_media":0,"parent":0,"menu_order":0,"comment_status":"closed","ping_status":"closed","template":"","meta":{"footnotes":""},"class_list":["post-340","page","type-page","status-publish"],"_links":{"self":[{"href":"https:\/\/howmobs.com\/lt\/wp-json\/wp\/v2\/pages\/340","targetHints":{"allow":["GET"]}}],"collection":[{"href":"https:\/\/howmobs.com\/lt\/wp-json\/wp\/v2\/pages"}],"about":[{"href":"https:\/\/howmobs.com\/lt\/wp-json\/wp\/v2\/types\/page"}],"author":[{"embeddable":true,"href":"https:\/\/howmobs.com\/lt\/wp-json\/wp\/v2\/users\/1"}],"replies":[{"embeddable":true,"href":"https:\/\/howmobs.com\/lt\/wp-json\/wp\/v2\/comments?post=340"}],"version-history":[{"count":2,"href":"https:\/\/howmobs.com\/lt\/wp-json\/wp\/v2\/pages\/340\/revisions"}],"predecessor-version":[{"id":522,"href":"https:\/\/howmobs.com\/lt\/wp-json\/wp\/v2\/pages\/340\/revisions\/522"}],"wp:attachment":[{"href":"https:\/\/howmobs.com\/lt\/wp-json\/wp\/v2\/media?parent=340"}],"curies":[{"name":"wp","href":"https:\/\/api.w.org\/{rel}","templated":true}]}}