{"id":338,"date":"2025-01-13T17:55:02","date_gmt":"2025-01-13T17:55:02","guid":{"rendered":"https:\/\/howmobs.com\/?page_id=338"},"modified":"2025-01-13T21:46:34","modified_gmt":"2025-01-13T21:46:34","slug":"privatumo-politika","status":"publish","type":"page","link":"https:\/\/howmobs.com\/lt\/privatumo-politika\/","title":{"rendered":"Privatumo politika"},"content":{"rendered":"<p>J\u016bs\u0173 privatumas mums yra labai svarbus. \u201eGadgetApps\u201c yra \u012fsipareigojusi saugoti j\u016bs\u0173 privatum\u0105, kai naudojat\u0117s m\u016bs\u0173 svetaine, taip pat ir kitomis m\u016bs\u0173 valdomomis svetain\u0117mis. J\u016bs\u0173 asmenin\u0119 informacij\u0105 renkame tik tada, kai tai b\u016btina norint suteikti jums paslaug\u0105, ir visada naudodami s\u0105\u017einingus bei skaidrius metodus, jums \u017einant ir sutikus. Taip pat paai\u0161kiname jos rinkimo prie\u017eastis ir kaip \u0161i informacija bus naudojama.<\/p>\n\n\n\n<p>Surinkta informacija saugoma tik tiek laiko, kiek b\u016btina pageidaujamai paslaugai teikti. J\u016bs\u0173 duomenis saugome taikydami komerci\u0161kai pagr\u012fstas saugumo priemones, kad i\u0161vengtume praradimo, vagyst\u0117s ir neteis\u0117tos prieigos, atskleidimo, kopijavimo, naudojimo ar pakeitimo. Asmenin\u0117s informacijos neatskleid\u017eiame vie\u0161ai ar tre\u010diosioms \u0161alims, nebent to reikalaut\u0173 \u012fstatymai.<\/p>\n\n\n\n<p>M\u016bs\u0173 svetain\u0117je gali b\u016bti nuorod\u0173 \u012f i\u0161orines svetaines, kuri\u0173 mes nevaldome. Atkreipkite d\u0117mes\u012f, kad mes nekontroliuojame \u0161i\u0173 i\u0161orini\u0173 svetaini\u0173 ir neatsakome u\u017e j\u0173 privatumo politik\u0105. Galite pasirinkti nepateikti savo asmenin\u0117s informacijos, ta\u010diau tai gali neleisti mums teikti kai kuri\u0173 j\u016bs\u0173 pageidaujam\u0173 paslaug\u0173. Tolesnis j\u016bs\u0173 naudojimasis m\u016bs\u0173 svetaine bus laikomas m\u016bs\u0173 privatumo ir asmenin\u0117s informacijos tvarkymo praktikos sutikimu. Jei turite klausim\u0173 apie tai, kaip tvarkome naudotoj\u0173 duomenis ir asmenin\u0119 informacij\u0105, nedvejodami susisiekite su mumis.<\/p>\n\n\n\n<p><strong>\u201eGadgetApps\u201c slapuk\u0173 politika<\/strong><\/p>\n\n\n\n<p><strong>Kas yra slapukai?<\/strong><br>Kaip \u012fprasta beveik visose profesionaliose svetain\u0117se, m\u016bs\u0173 svetain\u0117je naudojami slapukai \u2013 ma\u017ei failai, atsiun\u010diami \u012f j\u016bs\u0173 \u012frengin\u012f, siekiant pagerinti j\u016bs\u0173 nar\u0161ymo patirt\u012f. \u0160iame skyriuje paai\u0161kinama, koki\u0105 informacij\u0105 jie renka, kaip mes j\u0105 naudojame ir kod\u0117l kartais b\u016btina saugoti \u0161iuos slapukus. Taip pat paai\u0161kinsime, kaip galite blokuoti slapuk\u0173 diegim\u0105, nors tai gali pakenkti svetain\u0117s funkcionalumui.<\/p>\n\n\n\n<p><strong>Slapuk\u0173 naudojimas<\/strong><br>Slapukus naudojame d\u0117l \u012fvairi\u0173 prie\u017eas\u010di\u0173, apra\u0161yt\u0173 toliau. Daugeliu atvej\u0173 n\u0117ra joki\u0173 pramon\u0117je standartini\u0173 slapuk\u0173 i\u0161jungimo parink\u010di\u0173 nepakenkiant svetain\u0117s funkcionalumui. Rekomenduojama nei\u0161jungti slapuk\u0173, jei nesate tikri, ar jums j\u0173 reikia, nes jie gali b\u016bti b\u016btini norint teikti j\u016bs\u0173 naudojamas paslaugas.<\/p>\n\n\n\n<p><strong>I\u0161jungti slapukus<\/strong><br>Galite neleisti nustatyti slapuk\u0173, pakeisdami nar\u0161ykl\u0117s nustatymus. Nor\u0117dami su\u017einoti, kaip tai padaryti, \u017er. nar\u0161ykl\u0117s pagalbos skyri\u0173. Atminkite, kad i\u0161jungus slapukus, tai paveiks \u0161ios ir kit\u0173 j\u016bs\u0173 lankom\u0173 svetaini\u0173 veikim\u0105. I\u0161jungus slapukus paprastai prarandate tam tikras svetain\u0117s funkcijas ir funkcijas, tod\u0117l rekomenduojama j\u0173 nei\u0161jungti.<\/p>\n\n\n\n<p><strong>M\u016bs\u0173 naudojami slapukai<\/strong><\/p>\n\n\n\n<ul class=\"wp-block-list\">\n<li><strong>Paskyros slapukai:<\/strong>\u00a0Jei susikursite paskyr\u0105 pas mus, registracijos procesui ir bendram administravimui valdyti naudosime slapukus. \u0160ie slapukai paprastai i\u0161trinami, kai atsijungiate, ta\u010diau jie gali likti ir v\u0117liau, kad b\u016bt\u0173 i\u0161saugotos j\u016bs\u0173 svetain\u0117s nuostatos.<\/li>\n\n\n\n<li><strong>Prisijungimo slapukai:<\/strong>\u00a0Kai esate prisijung\u0119, mes naudojame slapukus, kad \u012fsimintume j\u016bs\u0173 sesij\u0105. Tai apsaugo jus nuo to, kad jums nereik\u0117t\u0173 prisijungti pakartotinai lankantis skirtinguose puslapiuose. \u0160ie slapukai pa\u0161alinami arba i\u0161valomi, kai atsijungiate, siekiant u\u017etikrinti, kad prisijung\u0119 gal\u0117tum\u0117te pasiekti tik apribotas funkcijas ir sritis.<\/li>\n\n\n\n<li><strong>Naujienlai\u0161kio slapukai:<\/strong>\u00a0Jei svetain\u0117 si\u016blo naujienlai\u0161ki\u0173 ar el. pa\u0161to prenumeratos paslaugas, slapukai gali b\u016bti naudojami siekiant prisiminti, ar esate u\u017esiregistrav\u0119 ir ar tur\u0117t\u0173 b\u016bti rodomi tam tikri prane\u0161imai, kurie gali b\u016bti galioja tik u\u017esiprenumeravusiems arba neprenumeruojantiems vartotojams.<\/li>\n<\/ul>","protected":false},"excerpt":{"rendered":"<p>A sua privacidade \u00e9 de grande import\u00e2ncia para n\u00f3s. A GadgetApps se compromete a proteger a sua privacidade enquanto voc\u00ea utiliza nosso site, bem como outros sites que administramos. Coletamos suas informa\u00e7\u00f5es pessoais apenas quando necess\u00e1rio para fornecer um servi\u00e7o a voc\u00ea, e sempre com m\u00e9todos justos e transparentes, com seu conhecimento e consentimento. Tamb\u00e9m [&hellip;]<\/p>","protected":false},"author":1,"featured_media":0,"parent":0,"menu_order":0,"comment_status":"closed","ping_status":"closed","template":"","meta":{"footnotes":""},"class_list":["post-338","page","type-page","status-publish"],"_links":{"self":[{"href":"https:\/\/howmobs.com\/lt\/wp-json\/wp\/v2\/pages\/338","targetHints":{"allow":["GET"]}}],"collection":[{"href":"https:\/\/howmobs.com\/lt\/wp-json\/wp\/v2\/pages"}],"about":[{"href":"https:\/\/howmobs.com\/lt\/wp-json\/wp\/v2\/types\/page"}],"author":[{"embeddable":true,"href":"https:\/\/howmobs.com\/lt\/wp-json\/wp\/v2\/users\/1"}],"replies":[{"embeddable":true,"href":"https:\/\/howmobs.com\/lt\/wp-json\/wp\/v2\/comments?post=338"}],"version-history":[{"count":2,"href":"https:\/\/howmobs.com\/lt\/wp-json\/wp\/v2\/pages\/338\/revisions"}],"predecessor-version":[{"id":520,"href":"https:\/\/howmobs.com\/lt\/wp-json\/wp\/v2\/pages\/338\/revisions\/520"}],"wp:attachment":[{"href":"https:\/\/howmobs.com\/lt\/wp-json\/wp\/v2\/media?parent=338"}],"curies":[{"name":"wp","href":"https:\/\/api.w.org\/{rel}","templated":true}]}}