{"id":340,"date":"2025-01-13T17:55:11","date_gmt":"2025-01-13T17:55:11","guid":{"rendered":"https:\/\/howmobs.com\/?page_id=340"},"modified":"2025-01-13T21:49:26","modified_gmt":"2025-01-13T21:49:26","slug":"conditions-dutilisation","status":"publish","type":"page","link":"https:\/\/howmobs.com\/fr_ca\/conditions-dutilisation\/","title":{"rendered":"Conditions d&#039;utilisation"},"content":{"rendered":"<p>En acc\u00e9dant au site web GadgetApps, vous acceptez les pr\u00e9sentes conditions d&#039;utilisation, ainsi que toutes les lois et r\u00e9glementations applicables, et reconnaissez votre responsabilit\u00e9 de vous conformer aux lois locales en vigueur. Si vous n&#039;acceptez pas ces conditions, il vous est interdit d&#039;acc\u00e9der au site web ou de l&#039;utiliser. Le contenu de ce site web est prot\u00e9g\u00e9 par les lois applicables en mati\u00e8re de propri\u00e9t\u00e9 intellectuelle et de marques.<\/p>\n\n\n\n<p><strong>Octroi de licence<\/strong><br>GadgetApps vous accorde le droit de t\u00e9l\u00e9charger temporairement une copie des documents disponibles sur le site web (informations ou logiciels) pour une consultation personnelle et non commerciale uniquement. Cette autorisation constitue un droit d&#039;utilisation, et non un droit de propri\u00e9t\u00e9. Vous ne devez pas\u00a0: modifier ni copier les documents\u00a0;<\/p>\n\n\n\n<p>Utiliser les documents \u00e0 des fins commerciales ou pour une exposition publique (commerciale ou autre)\u00a0;<\/p>\n\n\n\n<p>Toute tentative de r\u00e9tro-ing\u00e9nierie ou de d\u00e9compilation de tout logiciel trouv\u00e9 sur le site web GadgetApps\u00a0;<\/p>\n\n\n\n<p>Supprimer toute mention de droit d&#039;auteur ou autre indication de propri\u00e9t\u00e9 des documents\u00a0;<\/p>\n\n\n\n<p>Transmettre les documents \u00e0 une autre personne ou les dupliquer sur un autre serveur.<\/p>\n\n\n\n<p>Cette licence sera automatiquement r\u00e9sili\u00e9e en cas de violation de l&#039;une de ces restrictions et peut \u00eatre r\u00e9sili\u00e9e par GadgetApps \u00e0 tout moment. Une fois la consultation des documents termin\u00e9e ou \u00e0 l&#039;expiration de cette licence, vous devez supprimer tous les documents t\u00e9l\u00e9charg\u00e9s, qu&#039;ils soient au format \u00e9lectronique ou imprim\u00e9.<\/p>\n\n\n\n<p><strong>Clause de non-responsabilit\u00e9<\/strong><br>Les contenus du site web GadgetApps sont fournis \u00ab\u00a0en l\u2019\u00e9tat\u00a0\u00bb. GadgetApps n\u2019offre aucune garantie, expresse ou implicite, et d\u00e9cline toute autre garantie, y compris, sans limitation, les garanties implicites de qualit\u00e9 marchande, d\u2019ad\u00e9quation \u00e0 un usage particulier ou de non-violation des droits de propri\u00e9t\u00e9 intellectuelle.<\/p>\n\n\n\n<p><strong>Limitations de responsabilit\u00e9<\/strong><br>GadgetApps et ses fournisseurs ne sauraient en aucun cas \u00eatre tenus responsables des dommages r\u00e9sultant de l&#039;utilisation ou de l&#039;impossibilit\u00e9 d&#039;utiliser les contenus de GadgetApps, m\u00eame s&#039;ils ont \u00e9t\u00e9 inform\u00e9s de la possibilit\u00e9 de tels dommages. Si la l\u00e9gislation locale n&#039;autorise pas l&#039;exclusion de certaines garanties ou la limitation de responsabilit\u00e9 pour les dommages indirects, ces exclusions et limitations peuvent ne pas vous \u00eatre applicables.<\/p>\n\n\n\n<p><strong>Pr\u00e9cision des mat\u00e9riaux<\/strong><br>Les documents pr\u00e9sent\u00e9s sur le site web de GadgetApps peuvent contenir des erreurs techniques, typographiques ou photographiques. GadgetApps ne garantit ni l&#039;exactitude, ni l&#039;exhaustivit\u00e9, ni l&#039;actualit\u00e9 des informations figurant sur son site web et se r\u00e9serve le droit de les modifier \u00e0 tout moment et sans pr\u00e9avis, sans toutefois s&#039;engager \u00e0 les mettre \u00e0 jour.<\/p>\n\n\n\n<p><strong>Links<\/strong><br>GadgetApps n&#039;a pas v\u00e9rifi\u00e9 tous les sites externes vers lesquels renvoient ses liens et d\u00e9cline toute responsabilit\u00e9 quant \u00e0 leur contenu. L&#039;inclusion d&#039;un lien n&#039;implique aucune approbation de GadgetApps. L&#039;utilisation des sites externes se fait aux risques et p\u00e9rils de l&#039;utilisateur.<\/p>\n\n\n\n<p><strong>Modifications des conditions<\/strong><br>GadgetApps peut modifier les pr\u00e9sentes conditions d&#039;utilisation \u00e0 tout moment et sans pr\u00e9avis. En utilisant ce site web, vous acceptez d&#039;\u00eatre li\u00e9 par la version la plus r\u00e9cente des pr\u00e9sentes conditions d&#039;utilisation.<\/p>\n\n\n\n<p><strong>Loi applicable<\/strong><br>Les pr\u00e9sentes conditions g\u00e9n\u00e9rales sont r\u00e9gies par les lois de GadgetApps, et vous acceptez irr\u00e9vocablement la comp\u00e9tence exclusive des tribunaux locaux.<\/p>\n\n\n\n<p><\/p>","protected":false},"excerpt":{"rendered":"<p>Ao entrar no site GadgetApps, voc\u00ea aceita estes termos de uso, bem como todas as leis e regulamenta\u00e7\u00f5es relevantes, e reconhece que tem a responsabilidade de observar as leis locais aplic\u00e1veis. Caso n\u00e3o concorde com estes termos, voc\u00ea est\u00e1 proibido de acessar ou utilizar o site. Os conte\u00fados presentes neste website est\u00e3o protegidos pelas leis [&hellip;]<\/p>","protected":false},"author":1,"featured_media":0,"parent":0,"menu_order":0,"comment_status":"closed","ping_status":"closed","template":"","meta":{"footnotes":""},"class_list":["post-340","page","type-page","status-publish"],"_links":{"self":[{"href":"https:\/\/howmobs.com\/fr_ca\/wp-json\/wp\/v2\/pages\/340","targetHints":{"allow":["GET"]}}],"collection":[{"href":"https:\/\/howmobs.com\/fr_ca\/wp-json\/wp\/v2\/pages"}],"about":[{"href":"https:\/\/howmobs.com\/fr_ca\/wp-json\/wp\/v2\/types\/page"}],"author":[{"embeddable":true,"href":"https:\/\/howmobs.com\/fr_ca\/wp-json\/wp\/v2\/users\/1"}],"replies":[{"embeddable":true,"href":"https:\/\/howmobs.com\/fr_ca\/wp-json\/wp\/v2\/comments?post=340"}],"version-history":[{"count":2,"href":"https:\/\/howmobs.com\/fr_ca\/wp-json\/wp\/v2\/pages\/340\/revisions"}],"predecessor-version":[{"id":522,"href":"https:\/\/howmobs.com\/fr_ca\/wp-json\/wp\/v2\/pages\/340\/revisions\/522"}],"wp:attachment":[{"href":"https:\/\/howmobs.com\/fr_ca\/wp-json\/wp\/v2\/media?parent=340"}],"curies":[{"name":"wp","href":"https:\/\/api.w.org\/{rel}","templated":true}]}}