{"id":338,"date":"2025-01-13T17:55:02","date_gmt":"2025-01-13T17:55:02","guid":{"rendered":"https:\/\/howmobs.com\/?page_id=338"},"modified":"2025-01-13T21:46:34","modified_gmt":"2025-01-13T21:46:34","slug":"politique-de-confidentialite","status":"publish","type":"page","link":"https:\/\/howmobs.com\/fr_ca\/politique-de-confidentialite\/","title":{"rendered":"politique de confidentialit\u00e9"},"content":{"rendered":"<p>Votre vie priv\u00e9e est notre priorit\u00e9. GadgetApps s&#039;engage \u00e0 prot\u00e9ger votre vie priv\u00e9e lorsque vous utilisez notre site web, ainsi que les autres sites web que nous g\u00e9rons. Nous collectons vos informations personnelles uniquement lorsque cela est n\u00e9cessaire pour vous fournir un service, et toujours de mani\u00e8re \u00e9quitable et transparente, avec votre consentement et votre connaissance. Nous clarifions \u00e9galement les raisons de notre collecte et l&#039;utilisation qui en sera faite.<\/p>\n\n\n\n<p>Les informations collect\u00e9es sont conserv\u00e9es uniquement le temps n\u00e9cessaire \u00e0 la fourniture du service demand\u00e9. Nous conservons vos donn\u00e9es en utilisant des mesures de s\u00e9curit\u00e9 commercialement raisonnables pour pr\u00e9venir la perte, le vol et l&#039;acc\u00e8s, la divulgation, la copie, l&#039;utilisation ou la modification non autoris\u00e9s. Nous ne divulguons pas d&#039;informations personnelles publiquement ni \u00e0 des tiers, sauf si la loi l&#039;exige.<\/p>\n\n\n\n<p>Notre site web peut contenir des liens vers des sites web externes que nous ne g\u00e9rons pas. Veuillez noter que nous ne contr\u00f4lons pas ces sites web externes et ne sommes pas responsables de leurs politiques de confidentialit\u00e9. Vous pouvez choisir de ne pas fournir vos informations personnelles, mais cela pourrait nous emp\u00eacher de vous fournir certains des services que vous souhaitez. Votre utilisation continue de notre site web sera consid\u00e9r\u00e9e comme une acceptation de nos pratiques en mati\u00e8re de confidentialit\u00e9 et de donn\u00e9es personnelles. Pour toute question concernant la gestion des donn\u00e9es utilisateur et des informations personnelles, n&#039;h\u00e9sitez pas \u00e0 nous contacter.<\/p>\n\n\n\n<p><strong>Politique relative aux cookies de GadgetApps<\/strong><\/p>\n\n\n\n<p><strong>Que sont les cookies ?<\/strong><br>Comme la plupart des sites web professionnels, notre site utilise des cookies, de petits fichiers t\u00e9l\u00e9charg\u00e9s sur votre appareil, pour am\u00e9liorer votre exp\u00e9rience en ligne. Cette section explique quelles informations ils collectent, comment nous les utilisons et pourquoi il est parfois n\u00e9cessaire de stocker ces cookies. Nous vous expliquerons \u00e9galement comment bloquer l&#039;installation de cookies, m\u00eame si cela peut compromettre le bon fonctionnement du site.<\/p>\n\n\n\n<p><strong>Utilisation des cookies<\/strong><br>Nous utilisons des cookies pour diverses raisons, d\u00e9crites ci-dessous. Dans la plupart des cas, il n&#039;existe pas d&#039;option standard permettant de d\u00e9sactiver les cookies sans compromettre la fonctionnalit\u00e9 du site web. Il est recommand\u00e9 de ne pas d\u00e9sactiver les cookies si vous n&#039;\u00eates pas s\u00fbr de leur utilit\u00e9, car ils peuvent \u00eatre n\u00e9cessaires \u00e0 la fourniture des services que vous utilisez.<\/p>\n\n\n\n<p><strong>D\u00e9sactiver les cookies<\/strong><br>Vous pouvez emp\u00eacher l&#039;installation de cookies en modifiant les param\u00e8tres de votre navigateur. Consultez la section Aide de votre navigateur pour savoir comment proc\u00e9der. Sachez que la d\u00e9sactivation des cookies affectera les fonctionnalit\u00e9s de ce site web et des autres sites que vous consultez. La d\u00e9sactivation des cookies entra\u00eene g\u00e9n\u00e9ralement la perte de certaines fonctionnalit\u00e9s du site web\u00a0; il est donc recommand\u00e9 de ne pas les d\u00e9sactiver.<\/p>\n\n\n\n<p><strong>Cookies que nous utilisons<\/strong><\/p>\n\n\n\n<ul class=\"wp-block-list\">\n<li><strong>Cookies de compte :<\/strong>\u00a0Si vous cr\u00e9ez un compte chez nous, nous utiliserons des cookies pour g\u00e9rer votre inscription et l&#039;administration g\u00e9n\u00e9rale. Ces cookies sont g\u00e9n\u00e9ralement supprim\u00e9s lors de votre d\u00e9connexion, mais peuvent \u00eatre conserv\u00e9s ult\u00e9rieurement pour conserver vos pr\u00e9f\u00e9rences de navigation apr\u00e8s votre d\u00e9connexion.<\/li>\n\n\n\n<li><strong>Cookies de connexion :<\/strong>\u00a0Lorsque vous \u00eates connect\u00e9, nous utilisons des cookies pour m\u00e9moriser votre session. Cela vous \u00e9vite d&#039;avoir \u00e0 vous connecter \u00e0 plusieurs reprises lorsque vous consultez diff\u00e9rentes pages. Ces cookies sont supprim\u00e9s lorsque vous vous d\u00e9connectez afin de vous garantir un acc\u00e8s limit\u00e9 aux fonctionnalit\u00e9s et zones restreintes.<\/li>\n\n\n\n<li><strong>Cookies de la newsletter :<\/strong>\u00a0Si le site propose des services d&#039;abonnement \u00e0 des newsletters ou \u00e0 des e-mails, des cookies peuvent \u00eatre utilis\u00e9s pour m\u00e9moriser si vous \u00eates inscrit et si certaines notifications, qui pourraient n&#039;\u00eatre valables que pour les utilisateurs abonn\u00e9s ou d\u00e9sabonn\u00e9s, doivent \u00eatre affich\u00e9es.<\/li>\n<\/ul>","protected":false},"excerpt":{"rendered":"<p>A sua privacidade \u00e9 de grande import\u00e2ncia para n\u00f3s. A GadgetApps se compromete a proteger a sua privacidade enquanto voc\u00ea utiliza nosso site, bem como outros sites que administramos. Coletamos suas informa\u00e7\u00f5es pessoais apenas quando necess\u00e1rio para fornecer um servi\u00e7o a voc\u00ea, e sempre com m\u00e9todos justos e transparentes, com seu conhecimento e consentimento. Tamb\u00e9m [&hellip;]<\/p>","protected":false},"author":1,"featured_media":0,"parent":0,"menu_order":0,"comment_status":"closed","ping_status":"closed","template":"","meta":{"footnotes":""},"class_list":["post-338","page","type-page","status-publish"],"_links":{"self":[{"href":"https:\/\/howmobs.com\/fr_ca\/wp-json\/wp\/v2\/pages\/338","targetHints":{"allow":["GET"]}}],"collection":[{"href":"https:\/\/howmobs.com\/fr_ca\/wp-json\/wp\/v2\/pages"}],"about":[{"href":"https:\/\/howmobs.com\/fr_ca\/wp-json\/wp\/v2\/types\/page"}],"author":[{"embeddable":true,"href":"https:\/\/howmobs.com\/fr_ca\/wp-json\/wp\/v2\/users\/1"}],"replies":[{"embeddable":true,"href":"https:\/\/howmobs.com\/fr_ca\/wp-json\/wp\/v2\/comments?post=338"}],"version-history":[{"count":2,"href":"https:\/\/howmobs.com\/fr_ca\/wp-json\/wp\/v2\/pages\/338\/revisions"}],"predecessor-version":[{"id":520,"href":"https:\/\/howmobs.com\/fr_ca\/wp-json\/wp\/v2\/pages\/338\/revisions\/520"}],"wp:attachment":[{"href":"https:\/\/howmobs.com\/fr_ca\/wp-json\/wp\/v2\/media?parent=338"}],"curies":[{"name":"wp","href":"https:\/\/api.w.org\/{rel}","templated":true}]}}