{"id":338,"date":"2025-01-13T17:55:02","date_gmt":"2025-01-13T17:55:02","guid":{"rendered":"https:\/\/howmobs.com\/?page_id=338"},"modified":"2025-01-13T21:46:34","modified_gmt":"2025-01-13T21:46:34","slug":"politica-de-privacidad","status":"publish","type":"page","link":"https:\/\/howmobs.com\/es_eu\/politica-de-privacidad\/","title":{"rendered":"pol\u00edtica de privacidad"},"content":{"rendered":"<p>Su privacidad es fundamental para nosotros. En GadgetApps nos comprometemos a proteger su privacidad mientras utiliza nuestro sitio web, as\u00ed como otros sitios web que administramos. Recopilamos su informaci\u00f3n personal solo cuando es necesario para prestarle un servicio, utilizando siempre m\u00e9todos justos y transparentes, con su conocimiento y consentimiento. Tambi\u00e9n le explicamos los motivos de la recopilaci\u00f3n y c\u00f3mo se utilizar\u00e1 esta informaci\u00f3n.<\/p>\n\n\n\n<p>La informaci\u00f3n recopilada se conserva \u00fanicamente el tiempo necesario para prestar el servicio solicitado. Protegemos sus datos con medidas de seguridad razonables para evitar p\u00e9rdidas, robos, accesos, divulgaciones, copias, usos o modificaciones no autorizados. No divulgamos informaci\u00f3n personal p\u00fablicamente ni a terceros, salvo que la ley lo exija.<\/p>\n\n\n\n<p>Nuestro sitio web puede contener enlaces a sitios externos que no gestionamos. Tenga en cuenta que no controlamos estos sitios externos ni nos hacemos responsables de sus pol\u00edticas de privacidad. Puede optar por no proporcionar su informaci\u00f3n personal, pero esto podr\u00eda impedirnos ofrecerle algunos de los servicios que desea. El uso continuado de nuestro sitio web se considerar\u00e1 como la aceptaci\u00f3n de nuestras pr\u00e1cticas de privacidad e informaci\u00f3n personal. Si tiene alguna pregunta sobre c\u00f3mo gestionamos los datos de los usuarios y la informaci\u00f3n personal, no dude en contactarnos.<\/p>\n\n\n\n<p><strong>Pol\u00edtica de cookies de GadgetApps<\/strong><\/p>\n\n\n\n<p><strong>\u00bfQu\u00e9 son las cookies?<\/strong><br>Como es habitual en casi todos los sitios web profesionales, nuestro sitio utiliza cookies, que son peque\u00f1os archivos que se descargan en su dispositivo, para mejorar su experiencia en l\u00ednea. Esta secci\u00f3n explica qu\u00e9 informaci\u00f3n recopilan, c\u00f3mo la usamos y por qu\u00e9 a veces es necesario almacenar estas cookies. Tambi\u00e9n le explicaremos c\u00f3mo puede bloquear la instalaci\u00f3n de cookies, aunque esto podr\u00eda afectar la funcionalidad del sitio.<\/p>\n\n\n\n<p><strong>Uso de Cookies<\/strong><br>Utilizamos cookies por diversas razones, que se describen a continuaci\u00f3n. En la mayor\u00eda de los casos, no existen opciones est\u00e1ndar para deshabilitar las cookies sin afectar la funcionalidad del sitio. Se recomienda no deshabilitar las cookies si no est\u00e1 seguro de si las necesita, ya que podr\u00edan ser necesarias para prestarle los servicios que utiliza.<\/p>\n\n\n\n<p><strong>Deshabilitar cookies<\/strong><br>Puede evitar la instalaci\u00f3n de cookies configurando su navegador. Consulte la ayuda de su navegador para saber c\u00f3mo hacerlo. Tenga en cuenta que deshabilitar las cookies afectar\u00e1 la funcionalidad de este y otros sitios web que visite. Deshabilitar las cookies suele implicar la p\u00e9rdida de ciertas funcionalidades y caracter\u00edsticas del sitio, por lo que se recomienda no deshabilitarlas.<\/p>\n\n\n\n<p><strong>Cookies que utilizamos<\/strong><\/p>\n\n\n\n<ul class=\"wp-block-list\">\n<li><strong>Cookies de la cuenta:<\/strong>\u00a0Si crea una cuenta con nosotros, utilizaremos cookies para gestionar el proceso de registro y la administraci\u00f3n general. Estas cookies suelen eliminarse al cerrar sesi\u00f3n, aunque pueden permanecer despu\u00e9s para mantener sus preferencias del sitio despu\u00e9s de cerrar sesi\u00f3n.<\/li>\n\n\n\n<li><strong>Cookies de inicio de sesi\u00f3n:<\/strong>\u00a0Al iniciar sesi\u00f3n, utilizamos cookies para recordarla. Esto evita que tenga que iniciar sesi\u00f3n repetidamente al visitar diferentes p\u00e1ginas. Estas cookies se eliminan al cerrar sesi\u00f3n para garantizar que solo tenga acceso a recursos y \u00e1reas restringidas mientras est\u00e9 conectado.<\/li>\n\n\n\n<li><strong>Cookies del bolet\u00edn informativo:<\/strong>\u00a0Si el sitio web ofrece servicios de suscripci\u00f3n a boletines informativos o correo electr\u00f3nico, se podr\u00e1n utilizar cookies para recordar si usted est\u00e1 registrado y si se deben mostrar ciertas notificaciones, v\u00e1lidas s\u00f3lo para usuarios registrados o no registrados.<\/li>\n<\/ul>","protected":false},"excerpt":{"rendered":"<p>A sua privacidade \u00e9 de grande import\u00e2ncia para n\u00f3s. A GadgetApps se compromete a proteger a sua privacidade enquanto voc\u00ea utiliza nosso site, bem como outros sites que administramos. Coletamos suas informa\u00e7\u00f5es pessoais apenas quando necess\u00e1rio para fornecer um servi\u00e7o a voc\u00ea, e sempre com m\u00e9todos justos e transparentes, com seu conhecimento e consentimento. Tamb\u00e9m [&hellip;]<\/p>","protected":false},"author":1,"featured_media":0,"parent":0,"menu_order":0,"comment_status":"closed","ping_status":"closed","template":"","meta":{"footnotes":""},"class_list":["post-338","page","type-page","status-publish"],"_links":{"self":[{"href":"https:\/\/howmobs.com\/es_eu\/wp-json\/wp\/v2\/pages\/338","targetHints":{"allow":["GET"]}}],"collection":[{"href":"https:\/\/howmobs.com\/es_eu\/wp-json\/wp\/v2\/pages"}],"about":[{"href":"https:\/\/howmobs.com\/es_eu\/wp-json\/wp\/v2\/types\/page"}],"author":[{"embeddable":true,"href":"https:\/\/howmobs.com\/es_eu\/wp-json\/wp\/v2\/users\/1"}],"replies":[{"embeddable":true,"href":"https:\/\/howmobs.com\/es_eu\/wp-json\/wp\/v2\/comments?post=338"}],"version-history":[{"count":2,"href":"https:\/\/howmobs.com\/es_eu\/wp-json\/wp\/v2\/pages\/338\/revisions"}],"predecessor-version":[{"id":520,"href":"https:\/\/howmobs.com\/es_eu\/wp-json\/wp\/v2\/pages\/338\/revisions\/520"}],"wp:attachment":[{"href":"https:\/\/howmobs.com\/es_eu\/wp-json\/wp\/v2\/media?parent=338"}],"curies":[{"name":"wp","href":"https:\/\/api.w.org\/{rel}","templated":true}]}}