{"id":340,"date":"2025-01-13T17:55:11","date_gmt":"2025-01-13T17:55:11","guid":{"rendered":"https:\/\/howmobs.com\/?page_id=340"},"modified":"2025-01-13T21:49:26","modified_gmt":"2025-01-13T21:49:26","slug":"terms-of-use","status":"publish","type":"page","link":"https:\/\/howmobs.com\/en_om\/terms-of-use\/","title":{"rendered":"Terms of Use"},"content":{"rendered":"<p>By accessing the GadgetApps website, you accept these terms of use, as well as all relevant laws and regulations, and acknowledge your responsibility to comply with applicable local laws. If you do not agree to these terms, you are prohibited from accessing or using the website. The content on this website is protected by applicable intellectual property and trademark laws.<\/p>\n\n\n\n<p><strong>Granting of License<\/strong><br>GadgetApps grants you the right to temporarily download one copy of the materials available on the website (information or software) for personal, non-commercial viewing only. This grant is a right to use, not ownership. You must not: Alter or copy the materials;<\/p>\n\n\n\n<p>Using the materials for commercial purposes or for public display (commercial or otherwise);<\/p>\n\n\n\n<p>Attempting to reverse engineer or decompile any software found on the GadgetApps website;<\/p>\n\n\n\n<p>Remove any copyright notices or other indications of ownership from the materials;<\/p>\n\n\n\n<p>To pass the materials on to another person or to duplicate the materials on another server.<\/p>\n\n\n\n<p>This license will automatically terminate if you violate any of these restrictions and may be terminated by GadgetApps at any time. After you have finished viewing the materials or at the end of this license, you must delete all downloaded materials, whether in electronic or printed format.<\/p>\n\n\n\n<p><strong>Disclaimer<\/strong><br>The materials on the GadgetApps website are provided &quot;as is.&quot; GadgetApps makes no warranties, expressed or implied, and disclaims all other warranties, including, without limitation, implied warranties of merchantability, fitness for a particular purpose, or non-infringement of intellectual property rights.<\/p>\n\n\n\n<p><strong>Limitations of Liability<\/strong><br>Under no circumstances will GadgetApps or its suppliers be liable for any damages arising from the use of, or inability to use, the materials on GadgetApps, even if advised of the possibility of such damages. If local laws do not allow the exclusion of certain warranties or the limitation of liability for consequential damages, these exclusions and limitations may not apply to you.<\/p>\n\n\n\n<p><strong>Materials Precision<\/strong><br>The materials displayed on the GadgetApps website may contain technical, typographical, or photographic errors. GadgetApps does not guarantee the accuracy, completeness, or timeliness of the materials on its website and may change them at any time without notice, but makes no commitment to update the materials.<\/p>\n\n\n\n<p><strong>Links<\/strong><br>GadgetApps has not reviewed all of the sites linked to its own and is not responsible for the content of any external site. The inclusion of any link does not imply endorsement by GadgetApps of the site. Use of linked sites is at the user&#039;s own risk.<\/p>\n\n\n\n<p><strong>Changes to the Terms<\/strong><br>GadgetApps may modify these terms of use at any time without prior notice. By using this website, you agree to be bound by the most recent version of these terms of use.<\/p>\n\n\n\n<p><strong>Applicable Law<\/strong><br>These terms and conditions are governed by the laws of GadgetApps, and you irrevocably agree to the exclusive jurisdiction of the local courts.<\/p>\n\n\n\n<p><\/p>","protected":false},"excerpt":{"rendered":"<p>Ao entrar no site GadgetApps, voc\u00ea aceita estes termos de uso, bem como todas as leis e regulamenta\u00e7\u00f5es relevantes, e reconhece que tem a responsabilidade de observar as leis locais aplic\u00e1veis. Caso n\u00e3o concorde com estes termos, voc\u00ea est\u00e1 proibido de acessar ou utilizar o site. Os conte\u00fados presentes neste website est\u00e3o protegidos pelas leis [&hellip;]<\/p>","protected":false},"author":1,"featured_media":0,"parent":0,"menu_order":0,"comment_status":"closed","ping_status":"closed","template":"","meta":{"footnotes":""},"class_list":["post-340","page","type-page","status-publish"],"_links":{"self":[{"href":"https:\/\/howmobs.com\/en_om\/wp-json\/wp\/v2\/pages\/340","targetHints":{"allow":["GET"]}}],"collection":[{"href":"https:\/\/howmobs.com\/en_om\/wp-json\/wp\/v2\/pages"}],"about":[{"href":"https:\/\/howmobs.com\/en_om\/wp-json\/wp\/v2\/types\/page"}],"author":[{"embeddable":true,"href":"https:\/\/howmobs.com\/en_om\/wp-json\/wp\/v2\/users\/1"}],"replies":[{"embeddable":true,"href":"https:\/\/howmobs.com\/en_om\/wp-json\/wp\/v2\/comments?post=340"}],"version-history":[{"count":2,"href":"https:\/\/howmobs.com\/en_om\/wp-json\/wp\/v2\/pages\/340\/revisions"}],"predecessor-version":[{"id":522,"href":"https:\/\/howmobs.com\/en_om\/wp-json\/wp\/v2\/pages\/340\/revisions\/522"}],"wp:attachment":[{"href":"https:\/\/howmobs.com\/en_om\/wp-json\/wp\/v2\/media?parent=340"}],"curies":[{"name":"wp","href":"https:\/\/api.w.org\/{rel}","templated":true}]}}